{"id":64,"date":"2020-05-10T17:40:55","date_gmt":"2020-05-10T15:40:55","guid":{"rendered":"http:\/\/miescueladepilates.com\/?page_id=64"},"modified":"2021-02-27T21:16:33","modified_gmt":"2021-02-27T20:16:33","slug":"audios-de-relajacion","status":"publish","type":"page","link":"https:\/\/www.miescueladepilates.com\/?page_id=64","title":{"rendered":"Audios de relajaci\u00f3n"},"content":{"rendered":"<p>D\u00e9jate guiar hacia la calma con estos audios pensados para reducir la ansiedad y el estr\u00e9s, ayudarte a dormir o relajar estados alterados del \u00e1nimo. Elige uno, t\u00fambate c\u00f3modamente y disfruta de tu momento especial. S\u00f3lo necesitas diez minutos para recobrar la paz mental. El \u00e1guila Lo importante es el viaje Consciencia de bienestar Aprende... <\/p>\n<div class=\"pmpro_content_message\">Este contenido es solo para miembros <br \/><a href=\"https:\/\/www.miescueladepilates.com\/?page_id=87\"><\/a><br \/><a href=\"https:\/\/www.miescueladepilates.com\/?page_id=88\">Ingresa<\/a> o <a href=\"https:\/\/www.miescueladepilates.com\/?page_id=87\">Reg\u00edstrate<\/a><\/div>","protected":false},"excerpt":{"rendered":"<p>D\u00e9jate guiar hacia la calma con estos audios pensados para reducir la ansiedad y el estr\u00e9s, ayudarte a dormir o relajar estados alterados del \u00e1nimo. Elige uno, t\u00fambate c\u00f3modamente y disfruta de tu momento especial. S\u00f3lo necesitas diez minutos para recobrar la paz mental. El \u00e1guila Consciencia de bienestar La casa mental Respira y relaja&#8230;... <\/p>\n<div class=\"pmpro_content_message\">Este contenido es solo para miembros <br \/><a href=\"https:\/\/www.miescueladepilates.com\/?page_id=87\"><\/a><br \/><a href=\"https:\/\/www.miescueladepilates.com\/?page_id=88\">Ingresa<\/a> o <a href=\"https:\/\/www.miescueladepilates.com\/?page_id=87\">Reg\u00edstrate<\/a><\/div>","protected":false},"author":1,"featured_media":0,"parent":0,"menu_order":0,"comment_status":"closed","ping_status":"closed","template":"page-templates\/full-width.php","meta":{"_bbp_topic_count":0,"_bbp_reply_count":0,"_bbp_total_topic_count":0,"_bbp_total_reply_count":0,"_bbp_voice_count":0,"_bbp_anonymous_reply_count":0,"_bbp_topic_count_hidden":0,"_bbp_reply_count_hidden":0,"_bbp_forum_subforum_count":0,"pmpro_default_level":0,"footnotes":""},"class_list":["post-64","page","type-page","status-publish","hentry","pmpro-level-required","pmpro-level-1","pmpro-level-2","pmpro-no-access"],"_links":{"self":[{"href":"https:\/\/www.miescueladepilates.com\/index.php?rest_route=\/wp\/v2\/pages\/64","targetHints":{"allow":["GET"]}}],"collection":[{"href":"https:\/\/www.miescueladepilates.com\/index.php?rest_route=\/wp\/v2\/pages"}],"about":[{"href":"https:\/\/www.miescueladepilates.com\/index.php?rest_route=\/wp\/v2\/types\/page"}],"author":[{"embeddable":true,"href":"https:\/\/www.miescueladepilates.com\/index.php?rest_route=\/wp\/v2\/users\/1"}],"replies":[{"embeddable":true,"href":"https:\/\/www.miescueladepilates.com\/index.php?rest_route=%2Fwp%2Fv2%2Fcomments&post=64"}],"version-history":[{"count":51,"href":"https:\/\/www.miescueladepilates.com\/index.php?rest_route=\/wp\/v2\/pages\/64\/revisions"}],"predecessor-version":[{"id":593,"href":"https:\/\/www.miescueladepilates.com\/index.php?rest_route=\/wp\/v2\/pages\/64\/revisions\/593"}],"wp:attachment":[{"href":"https:\/\/www.miescueladepilates.com\/index.php?rest_route=%2Fwp%2Fv2%2Fmedia&parent=64"}],"curies":[{"name":"wp","href":"https:\/\/api.w.org\/{rel}","templated":true}]}}