{"id":60,"date":"2020-05-10T17:32:23","date_gmt":"2020-05-10T15:32:23","guid":{"rendered":"http:\/\/miescueladepilates.com\/?page_id=60"},"modified":"2021-02-05T13:51:31","modified_gmt":"2021-02-05T12:51:31","slug":"clases-completas","status":"publish","type":"page","link":"https:\/\/www.miescueladepilates.com\/?page_id=60","title":{"rendered":"Clases completas"},"content":{"rendered":"<p>\u00bfQu\u00e9 vas a practicar hoy? Elige entre las clases la que m\u00e1s te apetezca hoy. Las clases completas est\u00e1n identificadas con el gris oscuro, los estiramientos con el azul y las clases expr\u00e9s en gris claro. Las clases de 30 minutos son una buena acci\u00f3n para los d\u00edas que tienes prisa. \u00a1Que tengas una buena... <\/p>\n<div class=\"pmpro_content_message\">Este contenido es solo para miembros <br \/><a href=\"https:\/\/www.miescueladepilates.com\/?page_id=87\"><\/a><br \/><a href=\"https:\/\/www.miescueladepilates.com\/?page_id=88\">Ingresa<\/a> o <a href=\"https:\/\/www.miescueladepilates.com\/?page_id=87\">Reg\u00edstrate<\/a><\/div>","protected":false},"excerpt":{"rendered":"<p>\u00bfQu\u00e9 vas a practicar hoy? Elige entre las clases la que m\u00e1s te apetezca hoy. Las clases completas est\u00e1n identificadas con el gris oscuro, los estiramientos con el azul y las clases expr\u00e9s en gris claro. Las clases de 30 minutos son una buena acci\u00f3n para los d\u00edas que tienes prisa. \u00a1Que tengas una buena&#8230;... <\/p>\n<div class=\"pmpro_content_message\">Este contenido es solo para miembros <br \/><a href=\"https:\/\/www.miescueladepilates.com\/?page_id=87\"><\/a><br \/><a href=\"https:\/\/www.miescueladepilates.com\/?page_id=88\">Ingresa<\/a> o <a href=\"https:\/\/www.miescueladepilates.com\/?page_id=87\">Reg\u00edstrate<\/a><\/div>","protected":false},"author":1,"featured_media":0,"parent":0,"menu_order":0,"comment_status":"closed","ping_status":"closed","template":"","meta":{"_bbp_topic_count":0,"_bbp_reply_count":0,"_bbp_total_topic_count":0,"_bbp_total_reply_count":0,"_bbp_voice_count":0,"_bbp_anonymous_reply_count":0,"_bbp_topic_count_hidden":0,"_bbp_reply_count_hidden":0,"_bbp_forum_subforum_count":0,"pmpro_default_level":0,"footnotes":""},"class_list":["post-60","page","type-page","status-publish","hentry","pmpro-level-required","pmpro-level-1","pmpro-no-access"],"_links":{"self":[{"href":"https:\/\/www.miescueladepilates.com\/index.php?rest_route=\/wp\/v2\/pages\/60","targetHints":{"allow":["GET"]}}],"collection":[{"href":"https:\/\/www.miescueladepilates.com\/index.php?rest_route=\/wp\/v2\/pages"}],"about":[{"href":"https:\/\/www.miescueladepilates.com\/index.php?rest_route=\/wp\/v2\/types\/page"}],"author":[{"embeddable":true,"href":"https:\/\/www.miescueladepilates.com\/index.php?rest_route=\/wp\/v2\/users\/1"}],"replies":[{"embeddable":true,"href":"https:\/\/www.miescueladepilates.com\/index.php?rest_route=%2Fwp%2Fv2%2Fcomments&post=60"}],"version-history":[{"count":74,"href":"https:\/\/www.miescueladepilates.com\/index.php?rest_route=\/wp\/v2\/pages\/60\/revisions"}],"predecessor-version":[{"id":573,"href":"https:\/\/www.miescueladepilates.com\/index.php?rest_route=\/wp\/v2\/pages\/60\/revisions\/573"}],"wp:attachment":[{"href":"https:\/\/www.miescueladepilates.com\/index.php?rest_route=%2Fwp%2Fv2%2Fmedia&parent=60"}],"curies":[{"name":"wp","href":"https:\/\/api.w.org\/{rel}","templated":true}]}}