{"id":456,"date":"2020-08-28T13:24:59","date_gmt":"2020-08-28T11:24:59","guid":{"rendered":"https:\/\/miescueladepilates.com\/?page_id=456"},"modified":"2020-08-28T13:25:25","modified_gmt":"2020-08-28T11:25:25","slug":"contacta-con-nosotros","status":"publish","type":"page","link":"https:\/\/www.miescueladepilates.com\/?page_id=456","title":{"rendered":"Contacta con nosotros"},"content":{"rendered":"\n<p class=\"has-medium-font-size\"><span style=\"color:#21759b\" class=\"tadv-color\"><strong>Aqu\u00ed te encontrar\u00e1s siempre con una sonrisa<\/strong><\/span><\/p>\n\n\n\n<p class=\"has-medium-font-size\">Tel\u00e9fono de contacto <strong>629 13 89 91<\/strong><\/p>\n\n\n\n<p>\u00bfNo te lo hemos cogido? Estamos en cabina o en clase. No te preocupes, te llamamos nosotros en cuanto acabemos.<\/p>\n\n\n\n<p>Direcci\u00f3n en Madrid Calle de la Sierra de Javalambre 1, local 1<\/p>\n\n\n\n<figure class=\"wp-block-image\"><a href=\"https:\/\/www.blogger.com\/blog\/page\/edit\/7359781453615663979\/2001243379818789981#\"><img decoding=\"async\" src=\"https:\/\/1.bp.blogspot.com\/--Eg2n1dgi64\/XchoWo54kKI\/AAAAAAAADE4\/NFzeCa3rsysnIWFdQfZpitU-Xo3b32coACLcBGAsYHQ\/s640\/Captura%2Bde%2Bpantalla%2B2019-11-10%2Ba%2Blas%2B20.41.11.png\" alt=\"\"\/><\/a><\/figure>\n\n\n\n<p><a href=\"https:\/\/www.google.com\/maps\/dir\/\/date+un+masaje,+Calle+de+la+Sierra+de+Javalambre,+1,+28038+Madrid\/@40.3979816,-3.6698602,17z\/data=!4m9!4m8!1m0!1m5!1m1!1s0xd42260b860bb20f:0xebb514f4f447f7f7!2m2!1d-3.6676715!2d40.3979816!3e0\">\u00bfC\u00f3mo llegar?<\/a><\/p>\n","protected":false},"excerpt":{"rendered":"<p>Aqu\u00ed te encontrar\u00e1s siempre con una sonrisa Tel\u00e9fono de contacto 629 13 89 91 \u00bfNo te lo hemos cogido? Estamos en cabina o en clase. No te preocupes, te llamamos nosotros en cuanto acabemos. Direcci\u00f3n en Madrid Calle de la Sierra de Javalambre 1, local 1 \u00bfC\u00f3mo llegar?<\/p>\n","protected":false},"author":1,"featured_media":0,"parent":0,"menu_order":0,"comment_status":"closed","ping_status":"closed","template":"","meta":{"_bbp_topic_count":0,"_bbp_reply_count":0,"_bbp_total_topic_count":0,"_bbp_total_reply_count":0,"_bbp_voice_count":0,"_bbp_anonymous_reply_count":0,"_bbp_topic_count_hidden":0,"_bbp_reply_count_hidden":0,"_bbp_forum_subforum_count":0,"pmpro_default_level":0,"footnotes":""},"class_list":["post-456","page","type-page","status-publish","hentry","pmpro-has-access"],"_links":{"self":[{"href":"https:\/\/www.miescueladepilates.com\/index.php?rest_route=\/wp\/v2\/pages\/456","targetHints":{"allow":["GET"]}}],"collection":[{"href":"https:\/\/www.miescueladepilates.com\/index.php?rest_route=\/wp\/v2\/pages"}],"about":[{"href":"https:\/\/www.miescueladepilates.com\/index.php?rest_route=\/wp\/v2\/types\/page"}],"author":[{"embeddable":true,"href":"https:\/\/www.miescueladepilates.com\/index.php?rest_route=\/wp\/v2\/users\/1"}],"replies":[{"embeddable":true,"href":"https:\/\/www.miescueladepilates.com\/index.php?rest_route=%2Fwp%2Fv2%2Fcomments&post=456"}],"version-history":[{"count":2,"href":"https:\/\/www.miescueladepilates.com\/index.php?rest_route=\/wp\/v2\/pages\/456\/revisions"}],"predecessor-version":[{"id":458,"href":"https:\/\/www.miescueladepilates.com\/index.php?rest_route=\/wp\/v2\/pages\/456\/revisions\/458"}],"wp:attachment":[{"href":"https:\/\/www.miescueladepilates.com\/index.php?rest_route=%2Fwp%2Fv2%2Fmedia&parent=456"}],"curies":[{"name":"wp","href":"https:\/\/api.w.org\/{rel}","templated":true}]}}