{"id":169,"date":"2020-05-30T22:36:49","date_gmt":"2020-05-30T20:36:49","guid":{"rendered":"http:\/\/miescueladepilates.com\/?page_id=169"},"modified":"2020-05-30T22:36:50","modified_gmt":"2020-05-30T20:36:50","slug":"aviso-legal","status":"publish","type":"page","link":"https:\/\/www.miescueladepilates.com\/?page_id=169","title":{"rendered":"AVISO LEGAL"},"content":{"rendered":"\n<p>AVISO LEGAL:<\/p>\n<p>En cumplimiento del art\u00edculo 10 de la Ley 34\/2002, de 11 de julio, de Servicios de la Sociedad de la<\/p>\n<p>Informaci\u00f3n y Comercio Electr\u00f3nico (LSSICE) a continuaci\u00f3n se detallan los datos identificativos la empresa:<\/p>\n<p>Nombre empresa: Silvia Quesada Pais\u00e1n<\/p>\n<p>Raz\u00f3n social: Silvia Quesada Pais\u00e1n<\/p>\n<p>NIF: 51932492X<\/p>\n<p>Direcci\u00f3n: C\/ Sierra de Javalambre 1 Local 1 &#8211; 28038 &#8211; Madrid &#8211; MADRID<\/p>\n<p>Tel\u00e9fono: 629138991<\/p>\n<p>Email: hartametienesdeltodo@gmail.com<\/p>\n<p>FINALIDAD DE LA P\u00c1GINA WEB.<\/p>\n<p>Aqu\u00ed debe describir la finalidad o actividad de la web o de la empresa. Precios de los productos o servicios que se ofrecen a trav\u00e9s de la web, con indicaci\u00f3n de los impuestos y gastos de env\u00edo.<\/p>\n<p>El presente aviso legal (en adelante, el \u00abAviso Legal\u00bb) regula el uso del sitio web:<\/p>\n<p>www.miescueladepilates.com<\/p>\n<p>LEGISLACI\u00d3N.<\/p>\n<p>Con car\u00e1cter general las relaciones entre 51932492X (Silvia Quesada Pais\u00e1n) con los Usuarios de sus servicios telem\u00e1ticos, presentes en este sitio web, se encuentran sometidas a la legislaci\u00f3n y jurisdicci\u00f3n espa\u00f1olas.<\/p>\n<p>USO Y ACCESO DE USUARIOS.<\/p>\n<p>El Usuario queda informado, y acepta, que el acceso a la presente web no supone, en modo alguno, el inicio de una relaci\u00f3n comercial con Silvia Quesada Pais\u00e1n o cualquiera de sus delegaciones.<\/p>\n<p>PROPIEDAD INTELECTUAL E INDUSTRIAL.<\/p>\n<p>Los derechos de propiedad intelectual del contenido de las p\u00e1ginas web, su dise\u00f1o gr\u00e1fico y c\u00f3digos son titularidad de Silvia Quesada Pais\u00e1n y, por tanto, queda prohibida su reproducci\u00f3n, distribuci\u00f3n, comunicaci\u00f3n p\u00fablica, transformaci\u00f3n o cualquier otra actividad que se pueda realizar con los contenidos de sus p\u00e1ginas web ni aun citando las fuentes, salvo consentimiento por escrito de Silvia Quesada Pais\u00e1n.<\/p>\n<p>CONTENIDO DE LA WEB Y ENLACES (LINKS).<\/p>\n<p>Silvia Quesada Pais\u00e1n se reserva el derecho a actualizar, modificar o eliminar la informaci\u00f3n contenida en sus p\u00e1ginas web pudiendo incluso limitar o no permitir el acceso a dicha informaci\u00f3n a ciertos usuarios.<\/p>\n<p>Silvia Quesada Pais\u00e1n no asume responsabilidad alguna por la informaci\u00f3n contenida en p\u00e1ginas web de terceros a las que se pueda acceder por \u00ablinks\u00bb o enlaces desde<\/p>\n<p>cualquier p\u00e1gina web propiedad de Silvia Quesada Pais\u00e1n (Silvia Quesada Pais\u00e1n). La presencia de \u00ablinks\u00bb o enlaces en las p\u00e1ginas web de Silvia Quesada Pais\u00e1n (Silvia Quesada Pais\u00e1n) tiene finalidad meramente informativa y en ning\u00fan caso supone sugerencia, invitaci\u00f3n o recomendaci\u00f3n sobre los mismos.<\/p>\n<p>Nota: (La siguiente pol\u00edtica de cookies s\u00f3lo debe tenerse en cuenta en caso de utilizar cookies, debe confirmar con su programador web, la informaci\u00f3n de \u00e9sta cl\u00e1usula y adaptarla si es necesario a su sitio web)<\/p>\n<p>POL\u00cdTICA DE COOKIES.<\/p>\n<p>Silvia Quesada Pais\u00e1n, a trav\u00e9s del presente documento, recoge su Pol\u00edtica de recogida y tratamiento de cookies, en cumplimiento de lo dispuesto en el art\u00edculo 22.2 de la Ley 34\/2002, de 11 de julio, de Servicios de la Sociedad de la Informaci\u00f3n y de Comercio Electr\u00f3nico (LSSICE). Las cookies se almacenan en el equipo terminal del usuario (ordenador o dispositivo m\u00f3vil) y recopilan informaci\u00f3n al visitar la p\u00e1gina web www.miescueladepilates.com, con la finalidad de mejorar la usabilidad de las mismas, conocer los h\u00e1bitos o necesidades de navegaci\u00f3n de los usuarios para poder adaptarse a los mismos, as\u00ed como obtener informaci\u00f3n con fines estad\u00edsticos. En el caso de aquellos usuarios que ya sean clientes de Silvia Quesada Pais\u00e1n, la informaci\u00f3n recabada con las cookies servir\u00e1 tambi\u00e9n para su identificaci\u00f3n al acceder a las distintas herramientas que Silvia Quesada Pais\u00e1n pone a su disposici\u00f3n para la gesti\u00f3n de los servicios.<\/p>\n<p>La presente Pol\u00edtica de Cookies ser\u00e1 de aplicaci\u00f3n a aquellos usuarios que voluntariamente visitan las p\u00e1ginas web de Silvia Quesada Pais\u00e1n, cumplimentan formularios de recogida de datos, acceden a las herramientas que Silvia Quesada Pais\u00e1n pone a disposici\u00f3n de sus clientes para gestionar sus servicios, o utilizan cualquier otro servicio presente en el sitio web que implique la comunicaci\u00f3n de datos a Silvia Quesada Pais\u00e1n, o el acceso a datos por Silvia Quesada Pais\u00e1n, para la prestaci\u00f3n de sus servicios. Silvia Quesada Pais\u00e1n informa a los usuarios de sus p\u00e1ginas web, de la existencia de cookies y pone a su disposici\u00f3n la presente Pol\u00edtica con la finalidad de informarles acerca del uso y del objeto de las mismas. El hecho de continuar la navegaci\u00f3n a trav\u00e9s de sus p\u00e1ginas, supone el conocimiento y la aceptaci\u00f3n de la presente Pol\u00edtica por parte de dichos usuarios.<\/p>\n<p>Silvia Quesada Pais\u00e1n utiliza los siguientes tipos de cookies:<\/p>\n<p>Clasificadas por su titularidad:<\/p>\n<p>* Cookies propias: enviadas y gestionadas directamente por Silvia Quesada Pais\u00e1n.<\/p>\n<p>* Cookies de terceros: enviadas y gestionadas por un tercero ajeno a Silvia Quesada Pais\u00e1n, de forma an\u00f3nima, con la finalidad de realizar estudios estad\u00edsticos de navegaci\u00f3n por las p\u00e1ginas web de Silvia Quesada Pais\u00e1n.<\/p>\n<p>Clasificadas por su finalidad:<\/p>\n<p>* Cookies t\u00e9cnicas y\/o de personalizaci\u00f3n: facilitan la navegaci\u00f3n, al identificar la sesi\u00f3n, permitir el acceso a herramientas de acceso restringido, adem\u00e1s de configurar a medida las opciones disponibles. Posibilitan la prestaci\u00f3n del servicio solicitado previamente por el usuario.<\/p>\n<p>* Cookies de an\u00e1lisis y\/o publicidad: permiten conocer el n\u00famero de visitas recibidas en las diferentes secciones de las p\u00e1ginas web, los h\u00e1bitos y tendencias de sus usuarios y en consecuencia, poder mejorar la navegaci\u00f3n y el servicio ofrecido por Silvia Quesada Pais\u00e1n (fundamentalmente, Google Analytics), as\u00ed como gestionar los espacios publicitarios incluidos en la p\u00e1gina web visitada por el usuario. Recopila datos de forma an\u00f3nima con la finalidad de obtener perfiles de navegaci\u00f3n de los usuarios.<\/p>\n<p>Clasificadas por su duraci\u00f3n:<\/p>\n<p>* Cookies de sesi\u00f3n: recaban y almacenan los datos mientras el usuario accede a la p\u00e1gina web.<\/p>\n<p>* Cookies persistentes: recaban y almacenan los datos en el terminal del usuario durante un periodo de tiempo variable en funci\u00f3n de cu\u00e1l sea la finalidad para la que han sido utilizadas.<\/p>\n<p>El tiempo de conservaci\u00f3n de las cookies depender\u00e1 del tipo de que se trate y siempre ser\u00e1 el m\u00ednimo indispensable para cumplir su finalidad.<\/p>\n<p>En cualquier caso, los usuarios pueden configurar su navegador, de manera que se deshabilite o bloquee la recepci\u00f3n de todas o algunas de las cookies. El hecho de no desear recibir estas cookies, no constituye un impedimento para poder acceder a la informaci\u00f3n de los sitios web de Silvia Quesada Pais\u00e1n aunque el uso de algunos servicios podr\u00e1 ser limitado. Si una vez otorgado el consentimiento para la recepci\u00f3n de cookies, se desease retirar \u00e9ste, se deber\u00e1n eliminar aquellas almacenadas en el equipo del usuario, a trav\u00e9s de las opciones de los diferentes navegadores.<\/p>\n<p>La forma de configurar los diferentes navegadores para ejercitar las acciones se\u00f1aladas en los p\u00e1rrafos anteriores, se puede consultar en:<\/p>\n<p>* Explorer: http:\/\/windows.microsoft.com\/es-es\/windows7\/how-to-manage-cookies<\/p>\n<p>-in-internet-explorer-9<\/p>\n<p>* Chrome: https:\/\/support.google.com\/chrome\/answer\/95647?hl=es<\/p>\n<p>* Firefox: http:\/\/support.mozilla.org\/es\/kb\/cookies-informacion-que-los-siti<\/p>\n<p>os-web-guardan-en-?redirectlocale=en-US&amp;redirectslug=Cookies<\/p>\n<p>\u00a0<\/p>\n","protected":false},"excerpt":{"rendered":"<p>AVISO LEGAL: En cumplimiento del art\u00edculo 10 de la Ley 34\/2002, de 11 de julio, de Servicios de la Sociedad de la Informaci\u00f3n y Comercio Electr\u00f3nico (LSSICE) a continuaci\u00f3n se detallan los datos identificativos la empresa: Nombre empresa: Silvia Quesada Pais\u00e1n Raz\u00f3n social: Silvia Quesada Pais\u00e1n NIF: 51932492X Direcci\u00f3n: C\/ Sierra de Javalambre 1 Local [&hellip;]<\/p>\n","protected":false},"author":1,"featured_media":0,"parent":0,"menu_order":0,"comment_status":"closed","ping_status":"closed","template":"","meta":{"_bbp_topic_count":0,"_bbp_reply_count":0,"_bbp_total_topic_count":0,"_bbp_total_reply_count":0,"_bbp_voice_count":0,"_bbp_anonymous_reply_count":0,"_bbp_topic_count_hidden":0,"_bbp_reply_count_hidden":0,"_bbp_forum_subforum_count":0,"pmpro_default_level":0,"footnotes":""},"class_list":["post-169","page","type-page","status-publish","hentry","pmpro-has-access"],"_links":{"self":[{"href":"https:\/\/www.miescueladepilates.com\/index.php?rest_route=\/wp\/v2\/pages\/169","targetHints":{"allow":["GET"]}}],"collection":[{"href":"https:\/\/www.miescueladepilates.com\/index.php?rest_route=\/wp\/v2\/pages"}],"about":[{"href":"https:\/\/www.miescueladepilates.com\/index.php?rest_route=\/wp\/v2\/types\/page"}],"author":[{"embeddable":true,"href":"https:\/\/www.miescueladepilates.com\/index.php?rest_route=\/wp\/v2\/users\/1"}],"replies":[{"embeddable":true,"href":"https:\/\/www.miescueladepilates.com\/index.php?rest_route=%2Fwp%2Fv2%2Fcomments&post=169"}],"version-history":[{"count":1,"href":"https:\/\/www.miescueladepilates.com\/index.php?rest_route=\/wp\/v2\/pages\/169\/revisions"}],"predecessor-version":[{"id":170,"href":"https:\/\/www.miescueladepilates.com\/index.php?rest_route=\/wp\/v2\/pages\/169\/revisions\/170"}],"wp:attachment":[{"href":"https:\/\/www.miescueladepilates.com\/index.php?rest_route=%2Fwp%2Fv2%2Fmedia&parent=169"}],"curies":[{"name":"wp","href":"https:\/\/api.w.org\/{rel}","templated":true}]}}